{"id":576,"date":"2022-06-13T10:09:43","date_gmt":"2022-06-13T10:09:43","guid":{"rendered":"https:\/\/pianofestival.bilkent.edu.tr\/?page_id=576"},"modified":"2022-06-13T10:14:58","modified_gmt":"2022-06-13T10:14:58","slug":"concerts","status":"publish","type":"page","link":"https:\/\/pianofestival.bilkent.edu.tr\/index.php\/concerts\/","title":{"rendered":"Concerts"},"content":{"rendered":"\n<h2 class=\"wp-block-heading\">Concerts<\/h2>\n\n\n\n<h2 class=\"wp-block-heading\">Opening Concerts<\/h2>\n\n\n\n<p style=\"font-size:18px\"><strong>Emre Elivar<\/strong><\/p>\n\n\n\n<p style=\"font-size:18px\">Franz Schubert (1797-1828) &nbsp; &nbsp; Drei Klavierst\u00fccke, D.946<\/p>\n\n\n\n<p style=\"font-size:18px\"><em>I. Allegro assai<\/em><\/p>\n\n\n\n<p style=\"font-size:18px\"><em>II. Andante<\/em><\/p>\n\n\n\n<p style=\"font-size:18px\"><em>III. Allegro<\/em><\/p>\n\n\n\n<p style=\"font-size:18px\"><strong>Dr. Sookkyung Cho<\/strong><\/p>\n\n\n\n<p style=\"font-size:18px\">Franz Schubert (1797-1828) &nbsp; &nbsp; &nbsp; Piano Sonata in B Major, D. 575<\/p>\n\n\n\n<ol class=\"wp-block-list\" style=\"font-size:18px\"><li><em>Allegro ma non troppo<\/em><\/li><li><em>Andante<\/em><\/li><li><em>Scherzo &#8211; Allegretto &#8211; Trio<\/em><\/li><li><em>Allegro giusto<\/em><\/li><\/ol>\n\n\n\n<p style=\"font-size:18px\"><strong>Olivier Gardon<\/strong><\/p>\n\n\n\n<p style=\"font-size:18px\">Claude Debussy (1862-1918) &nbsp; &nbsp; &nbsp; &nbsp; &nbsp; Pr\u00e9ludes, Book I (L. 117) &amp; Book II (L. 123)<\/p>\n\n\n\n<p style=\"font-size:18px\"><em>Book I No. 5 \u201cLes collines d&#8217;Anacapri\u201d<\/em><\/p>\n\n\n\n<p style=\"font-size:18px\"><em>Book I No. 2 \u201cVoiles\u201d<\/em><\/p>\n\n\n\n<p style=\"font-size:18px\"><em>Book II No. 8 \u201cOndine\u201d<\/em><\/p>\n\n\n\n<p style=\"font-size:18px\"><em>Book I No. 8 \u201cLa fille aux cheveux de lin\u201d<\/em><\/p>\n\n\n\n<p style=\"font-size:18px\"><em>Book II No. 6 &#8220;G\u00e9n\u00e9ral Lavine &#8211;&nbsp; eccentric\u201d<\/em><\/p>\n\n\n\n<p style=\"font-size:18px\"><strong>Mikhail Voskresenskii<\/strong><\/p>\n\n\n\n<p style=\"font-size:18px\">Wolfgang Amadeus Mozart (1756-1791) &nbsp; Fantasie in C Minor, K. 475<\/p>\n\n\n\n<p style=\"font-size:18px\">Alexander Nikolayevich Scriabin (1872-1915) &nbsp; &nbsp; &nbsp; 2 Po\u00e8mes, Op. 32<\/p>\n\n\n\n<ol class=\"wp-block-list\" style=\"font-size:18px\"><li><em>F# Major<\/em><\/li><li><em>D Major<\/em><\/li><\/ol>\n\n\n\n<h2 class=\"wp-block-heading\">Olivier Gardon Recital<\/h2>\n\n\n\n<p style=\"font-size:18px\"><strong>Robert Schumann<\/strong> (1810-1856) Arabeske in C Major, Op. 18<\/p>\n\n\n\n<p style=\"font-size:18px\"><strong>Ludwig van Beethoven<\/strong> (1770-1827) &nbsp; &nbsp; &nbsp; Piano Sonata No. 30 in E Major, Op. 109<\/p>\n\n\n\n<ol class=\"wp-block-list\" style=\"font-size:18px\"><li><em>Vivace ma non troppo &#8211; Adagio espressivo<\/em><\/li><li><em>Prestissimo<\/em><\/li><li><em>Gesangvoll, mit innigster Empfindung. Andante molto cantabile ed espressivo<\/em><\/li><\/ol>\n\n\n\n<p style=\"font-size:18px\"><strong><em>Intermission<\/em><\/strong><\/p>\n\n\n\n<p style=\"font-size:18px\"><strong>Fr\u00e9d\u00e9ric Fran\u00e7ois Chopin<\/strong> (1810-1849) &nbsp; Polonaise-fantaisie in A-flat Major, Op. 61<\/p>\n\n\n\n<p style=\"font-size:18px\"><strong>Claude Debussy<\/strong> (1862-1918) &nbsp; &nbsp; &nbsp; &nbsp; &nbsp; Pr\u00e9ludes, Book I (L. 117) &amp; Book II (L. 123)<\/p>\n\n\n\n<p style=\"font-size:18px\"><em>Book I No. 5 \u201cLes collines d&#8217;Anacapri\u201d<\/em><\/p>\n\n\n\n<p style=\"font-size:18px\"><em>Book I No. 2 \u201cVoiles\u201d<\/em><\/p>\n\n\n\n<p style=\"font-size:18px\"><em>Book II No. 6 &#8220;G\u00e9n\u00e9ral Lavine &#8211;&nbsp; eccentric\u201d<\/em><\/p>\n\n\n\n<p style=\"font-size:18px\"><em>Book I No. 8 \u201cLa fille aux cheveux de lin\u201d<\/em><\/p>\n\n\n\n<p style=\"font-size:18px\"><em>Book II No. 8 \u201cOndine\u201d<\/em><\/p>\n\n\n\n<p style=\"font-size:18px\"><em>Book II No. 12 \u201cFeux d\u2019artifice\u201d<\/em><\/p>\n","protected":false},"excerpt":{"rendered":"<p>Concerts Opening Concerts Emre Elivar Franz Schubert (1797-1828) &nbsp; &nbsp; Drei Klavierst\u00fccke, D.946 I. Allegro assai II. Andante III. Allegro Dr. Sookkyung Cho Franz Schubert [&hellip;]<\/p>\n","protected":false},"author":1,"featured_media":0,"parent":0,"menu_order":0,"comment_status":"closed","ping_status":"closed","template":"","meta":{"footnotes":""},"class_list":["post-576","page","type-page","status-publish","hentry"],"_links":{"self":[{"href":"https:\/\/pianofestival.bilkent.edu.tr\/index.php\/wp-json\/wp\/v2\/pages\/576","targetHints":{"allow":["GET"]}}],"collection":[{"href":"https:\/\/pianofestival.bilkent.edu.tr\/index.php\/wp-json\/wp\/v2\/pages"}],"about":[{"href":"https:\/\/pianofestival.bilkent.edu.tr\/index.php\/wp-json\/wp\/v2\/types\/page"}],"author":[{"embeddable":true,"href":"https:\/\/pianofestival.bilkent.edu.tr\/index.php\/wp-json\/wp\/v2\/users\/1"}],"replies":[{"embeddable":true,"href":"https:\/\/pianofestival.bilkent.edu.tr\/index.php\/wp-json\/wp\/v2\/comments?post=576"}],"version-history":[{"count":2,"href":"https:\/\/pianofestival.bilkent.edu.tr\/index.php\/wp-json\/wp\/v2\/pages\/576\/revisions"}],"predecessor-version":[{"id":580,"href":"https:\/\/pianofestival.bilkent.edu.tr\/index.php\/wp-json\/wp\/v2\/pages\/576\/revisions\/580"}],"wp:attachment":[{"href":"https:\/\/pianofestival.bilkent.edu.tr\/index.php\/wp-json\/wp\/v2\/media?parent=576"}],"curies":[{"name":"wp","href":"https:\/\/api.w.org\/{rel}","templated":true}]}}