{"id":87,"date":"2021-12-22T15:29:48","date_gmt":"2021-12-22T15:29:48","guid":{"rendered":"https:\/\/pianofestival.bilkent.edu.tr\/?page_id=87"},"modified":"2022-04-14T07:59:43","modified_gmt":"2022-04-14T07:59:43","slug":"accomadation","status":"publish","type":"page","link":"https:\/\/pianofestival.bilkent.edu.tr\/index.php\/accomadation\/","title":{"rendered":"Accommodation"},"content":{"rendered":"\n<p class=\"has-medium-font-size\"><strong>DORMITORIES<\/strong><\/p>\n\n\n\n<figure class=\"wp-block-gallery has-nested-images columns-default is-cropped wp-block-gallery-1 is-layout-flex wp-block-gallery-is-layout-flex\">\n<figure class=\"wp-block-image size-large\"><img loading=\"lazy\" decoding=\"async\" width=\"831\" height=\"1024\" data-id=\"346\" src=\"http:\/\/pianofestival.bilkent.edu.tr\/wp-content\/uploads\/2022\/02\/IMG_0067.jpg\" alt=\"\" class=\"wp-image-346\" srcset=\"https:\/\/pianofestival.bilkent.edu.tr\/wp-content\/uploads\/2022\/02\/IMG_0067.jpg 831w, https:\/\/pianofestival.bilkent.edu.tr\/wp-content\/uploads\/2022\/02\/IMG_0067-243x300.jpg 243w, https:\/\/pianofestival.bilkent.edu.tr\/wp-content\/uploads\/2022\/02\/IMG_0067-768x946.jpg 768w\" sizes=\"auto, (max-width: 831px) 100vw, 831px\" \/><\/figure>\n\n\n\n<figure class=\"wp-block-image size-large\"><a href=\"http:\/\/pianofestival.bilkent.edu.tr\/wp-content\/uploads\/2022\/02\/IMG_0095.jpg\"><img loading=\"lazy\" decoding=\"async\" width=\"1200\" height=\"800\" data-id=\"351\" src=\"http:\/\/pianofestival.bilkent.edu.tr\/wp-content\/uploads\/2022\/02\/IMG_0095.jpg\" alt=\"\" class=\"wp-image-351\" srcset=\"https:\/\/pianofestival.bilkent.edu.tr\/wp-content\/uploads\/2022\/02\/IMG_0095.jpg 1200w, https:\/\/pianofestival.bilkent.edu.tr\/wp-content\/uploads\/2022\/02\/IMG_0095-300x200.jpg 300w, https:\/\/pianofestival.bilkent.edu.tr\/wp-content\/uploads\/2022\/02\/IMG_0095-1024x683.jpg 1024w, https:\/\/pianofestival.bilkent.edu.tr\/wp-content\/uploads\/2022\/02\/IMG_0095-768x512.jpg 768w\" sizes=\"auto, (max-width: 1200px) 100vw, 1200px\" \/><\/a><\/figure>\n\n\n\n<figure class=\"wp-block-image size-large\"><a href=\"http:\/\/pianofestival.bilkent.edu.tr\/wp-content\/uploads\/2022\/02\/IMG_0096.jpg\"><img loading=\"lazy\" decoding=\"async\" width=\"1200\" height=\"695\" data-id=\"352\" src=\"http:\/\/pianofestival.bilkent.edu.tr\/wp-content\/uploads\/2022\/02\/IMG_0096.jpg\" alt=\"\" class=\"wp-image-352\" srcset=\"https:\/\/pianofestival.bilkent.edu.tr\/wp-content\/uploads\/2022\/02\/IMG_0096.jpg 1200w, https:\/\/pianofestival.bilkent.edu.tr\/wp-content\/uploads\/2022\/02\/IMG_0096-300x174.jpg 300w, https:\/\/pianofestival.bilkent.edu.tr\/wp-content\/uploads\/2022\/02\/IMG_0096-1024x593.jpg 1024w, https:\/\/pianofestival.bilkent.edu.tr\/wp-content\/uploads\/2022\/02\/IMG_0096-768x445.jpg 768w\" sizes=\"auto, (max-width: 1200px) 100vw, 1200px\" \/><\/a><\/figure>\n\n\n\n<figure class=\"wp-block-image size-full\"><a href=\"http:\/\/pianofestival.bilkent.edu.tr\/wp-content\/uploads\/2022\/04\/IMG_0196.jpg\"><img loading=\"lazy\" decoding=\"async\" width=\"462\" height=\"500\" data-id=\"541\" src=\"https:\/\/pianofestival.bilkent.edu.tr\/wp-content\/uploads\/2022\/04\/IMG_0196.jpg\" alt=\"\" class=\"wp-image-541\" srcset=\"https:\/\/pianofestival.bilkent.edu.tr\/wp-content\/uploads\/2022\/04\/IMG_0196.jpg 462w, https:\/\/pianofestival.bilkent.edu.tr\/wp-content\/uploads\/2022\/04\/IMG_0196-277x300.jpg 277w\" sizes=\"auto, (max-width: 462px) 100vw, 462px\" \/><\/a><\/figure>\n\n\n\n<figure class=\"wp-block-image size-large\"><a href=\"http:\/\/pianofestival.bilkent.edu.tr\/wp-content\/uploads\/2022\/02\/IMG_0059.jpg\"><img loading=\"lazy\" decoding=\"async\" width=\"1200\" height=\"638\" data-id=\"344\" src=\"http:\/\/pianofestival.bilkent.edu.tr\/wp-content\/uploads\/2022\/02\/IMG_0059.jpg\" alt=\"\" class=\"wp-image-344\" srcset=\"https:\/\/pianofestival.bilkent.edu.tr\/wp-content\/uploads\/2022\/02\/IMG_0059.jpg 1200w, https:\/\/pianofestival.bilkent.edu.tr\/wp-content\/uploads\/2022\/02\/IMG_0059-300x160.jpg 300w, https:\/\/pianofestival.bilkent.edu.tr\/wp-content\/uploads\/2022\/02\/IMG_0059-1024x544.jpg 1024w, https:\/\/pianofestival.bilkent.edu.tr\/wp-content\/uploads\/2022\/02\/IMG_0059-768x408.jpg 768w\" sizes=\"auto, (max-width: 1200px) 100vw, 1200px\" \/><\/a><\/figure>\n\n\n\n<figure class=\"wp-block-image size-large\"><a href=\"http:\/\/pianofestival.bilkent.edu.tr\/wp-content\/uploads\/2022\/04\/IMG_0197.jpg\"><img loading=\"lazy\" decoding=\"async\" width=\"500\" height=\"335\" data-id=\"542\" src=\"https:\/\/pianofestival.bilkent.edu.tr\/wp-content\/uploads\/2022\/04\/IMG_0197.jpg\" alt=\"\" class=\"wp-image-542\" srcset=\"https:\/\/pianofestival.bilkent.edu.tr\/wp-content\/uploads\/2022\/04\/IMG_0197.jpg 500w, https:\/\/pianofestival.bilkent.edu.tr\/wp-content\/uploads\/2022\/04\/IMG_0197-300x201.jpg 300w\" sizes=\"auto, (max-width: 500px) 100vw, 500px\" \/><\/a><\/figure>\n<\/figure>\n\n\n\n<p style=\"font-size:18px\">All accommodations are conveniently located on the Bilkent Campus, within walking distance of the Music Building. To ensure the most convenient and comfortable dorm life for our students, all our rooms are furnished with single beds or bunk beds, desks, desk chairs, bookcases or shelves, wardrobes, wastebaskets and mini refrigerators. All student rooms have UTP connections to Bilkent University\u2019s DORM-NET network, which provides high speed (1GB) unlimited internet access at no charge.<\/p>\n\n\n\n<p style=\"font-size:18px\">All dorms have common areas such as kitchens \/ kitchenettes, TV\/social lounges, study lounges, self-service laundry \/ ironing rooms, game \/ visitors\u2019 areas or rooms.<\/p>\n\n\n\n<p style=\"font-size:18px\">Central heating and 24-hour continuous hot water are standard in all dorms, in which fully equipped, well-planned common bathrooms and restrooms are appropriately located on each resident floor. Security guards are present 24\/7.<\/p>\n\n\n\n<p style=\"font-size:18px\">Room and roommate preferences, if applicable, must be indicated on the application form.&nbsp;<\/p>\n\n\n\n<p style=\"font-size:18px\"><strong>* Minors <\/strong>( age under 18 )<\/p>\n\n\n\n<p style=\"font-size:18px\">Minor participants who wish to stay in the dormitory must be accompanied by a parent or guardian.<\/p>\n\n\n\n<p><\/p>\n\n\n\n<p class=\"has-medium-font-size\"><strong>TABLE D\u2019HOTE MEAL PLAN<\/strong><\/p>\n\n\n\n<figure class=\"wp-block-image size-large is-resized\"><img loading=\"lazy\" decoding=\"async\" src=\"https:\/\/pianofestival.bilkent.edu.tr\/wp-content\/uploads\/2022\/02\/Bilkent-marmara-min-567x1024.jpg\" alt=\"\" class=\"wp-image-356\" width=\"232\" height=\"419\" srcset=\"https:\/\/pianofestival.bilkent.edu.tr\/wp-content\/uploads\/2022\/02\/Bilkent-marmara-min-567x1024.jpg 567w, https:\/\/pianofestival.bilkent.edu.tr\/wp-content\/uploads\/2022\/02\/Bilkent-marmara-min-166x300.jpg 166w, https:\/\/pianofestival.bilkent.edu.tr\/wp-content\/uploads\/2022\/02\/Bilkent-marmara-min.jpg 654w\" sizes=\"auto, (max-width: 232px) 100vw, 232px\" \/><\/figure>\n\n\n\n<p style=\"font-size:18px\">Participants are encouraged to join our regular meal plans which includes breakfast, lunch, and dinner on the campus. Designed by Bilkent University\u2019s nutrition department, the meals are healthy and balanced (Vegetarian options are available).<\/p>\n\n\n\n<p style=\"font-size:18px\">* Click to read the weekly table d\u2019hote menu.<\/p>\n\n\n\n<p style=\"font-size:18px\"><a href=\"https:\/\/w3.bilkent.edu.tr\/bilkent\/cafeterias-management\/weekly-table-dhote-menu\/\">https:\/\/w3.bilkent.edu.tr\/bilkent\/cafeterias-management\/weekly-table-dhote-menu\/<\/a><\/p>\n\n\n\n<p style=\"font-size:18px\">There are also a considerable number of cafeterias offering various food &amp; beverage alternatives located all around the campus.<\/p>\n\n\n\n<p class=\"has-medium-font-size\"><strong>HEALTH CENTER<\/strong><\/p>\n\n\n\n<figure class=\"wp-block-image size-full is-resized\"><img loading=\"lazy\" decoding=\"async\" src=\"https:\/\/pianofestival.bilkent.edu.tr\/wp-content\/uploads\/2022\/02\/IMG_0106-1.jpg\" alt=\"\" class=\"wp-image-357\" width=\"387\" height=\"290\" srcset=\"https:\/\/pianofestival.bilkent.edu.tr\/wp-content\/uploads\/2022\/02\/IMG_0106-1.jpg 732w, https:\/\/pianofestival.bilkent.edu.tr\/wp-content\/uploads\/2022\/02\/IMG_0106-1-300x225.jpg 300w\" sizes=\"auto, (max-width: 387px) 100vw, 387px\" \/><\/figure>\n\n\n\n<p style=\"font-size:18px\">Participants will have access to primary care medical services of the Bilkent University Health Center, located just 10 minutes of walking distance from the Music Faculty Building. In cases of emergency, university ambulances accompanied by Health Center doctors and nurses are available 24 hours a day to take patients to nearby hospitals.&nbsp;<\/p>\n\n\n\n<p style=\"font-size:18px\">For insurance purposes, participants\u2019 Turkish ID Number must be submitted on the application form. International participants who have international health insurance must email <a href=\"mailto:pianofestbilkent@gmail.com\">pianofestbilkent@gmail.com<\/a> regarding their insurance information and coverage.<\/p>\n\n\n\n<p style=\"font-size:18px\"><strong>Regular Service Hours and Location:<\/strong><\/p>\n\n\n\n<p style=\"font-size:18px\">Main Campus Health Center (Location on map)<\/p>\n\n\n\n<p style=\"font-size:18px\">Monday through Friday<\/p>\n\n\n\n<p style=\"font-size:18px\">08:30-11:30 and 12:30-17:30<\/p>\n\n\n\n<p style=\"font-size:18px\">Tel: Extension 1666 or 0312 290 1666<\/p>\n\n\n\n<p style=\"font-size:18px\"><strong>In case of emergency:<\/strong><\/p>\n\n\n\n<p style=\"font-size:18px\">Dial extension 6666 from campus or 0312 266 4050 or 0312 266 4051 (from outside campus).<\/p>\n\n\n\n<p style=\"font-size:18px\">* For more information, please visit:<\/p>\n\n\n\n<p style=\"font-size:18px\"><a href=\"https:\/\/w3.bilkent.edu.tr\/bilkent\/health-center\/\">https:\/\/w3.bilkent.edu.tr\/bilkent\/health-center\/<\/a><\/p>\n\n\n\n<p class=\"has-medium-font-size\"><strong>LOCAL RESTAURANTS AND SHOPPING CENTER<\/strong><\/p>\n\n\n\n<figure class=\"wp-block-gallery has-nested-images columns-default is-cropped wp-block-gallery-2 is-layout-flex wp-block-gallery-is-layout-flex\">\n<figure class=\"wp-block-image size-large\"><img loading=\"lazy\" decoding=\"async\" width=\"860\" height=\"412\" data-id=\"358\" src=\"https:\/\/pianofestival.bilkent.edu.tr\/wp-content\/uploads\/2022\/02\/IMG_0076-1.jpg\" alt=\"\" class=\"wp-image-358\" srcset=\"https:\/\/pianofestival.bilkent.edu.tr\/wp-content\/uploads\/2022\/02\/IMG_0076-1.jpg 860w, https:\/\/pianofestival.bilkent.edu.tr\/wp-content\/uploads\/2022\/02\/IMG_0076-1-300x144.jpg 300w, https:\/\/pianofestival.bilkent.edu.tr\/wp-content\/uploads\/2022\/02\/IMG_0076-1-768x368.jpg 768w\" sizes=\"auto, (max-width: 860px) 100vw, 860px\" \/><\/figure>\n\n\n\n<figure class=\"wp-block-image size-large\"><img loading=\"lazy\" decoding=\"async\" width=\"1024\" height=\"768\" data-id=\"359\" src=\"https:\/\/pianofestival.bilkent.edu.tr\/wp-content\/uploads\/2022\/02\/IMG_0086-1-1024x768.jpg\" alt=\"\" class=\"wp-image-359\" srcset=\"https:\/\/pianofestival.bilkent.edu.tr\/wp-content\/uploads\/2022\/02\/IMG_0086-1-1024x768.jpg 1024w, https:\/\/pianofestival.bilkent.edu.tr\/wp-content\/uploads\/2022\/02\/IMG_0086-1-300x225.jpg 300w, https:\/\/pianofestival.bilkent.edu.tr\/wp-content\/uploads\/2022\/02\/IMG_0086-1-768x576.jpg 768w, https:\/\/pianofestival.bilkent.edu.tr\/wp-content\/uploads\/2022\/02\/IMG_0086-1-1536x1152.jpg 1536w, https:\/\/pianofestival.bilkent.edu.tr\/wp-content\/uploads\/2022\/02\/IMG_0086-1-2048x1536.jpg 2048w\" sizes=\"auto, (max-width: 1024px) 100vw, 1024px\" \/><\/figure>\n<\/figure>\n\n\n\n<p style=\"font-size:18px\">There are many delicious Turkish and international cuisine restaurants, cafes and various stores available aThere are numerous restaurants, cafes and various shopping options available at Bilkent Center. The center is around a twenty minute walk from the Music Faculty Building. Bank and Post Office services are both located on the campus and at Bilkent Center.<\/p>\n\n\n\n<p class=\"has-medium-font-size\"><strong>SPORT FACILITIES<\/strong><\/p>\n\n\n\n<figure class=\"wp-block-gallery has-nested-images columns-default is-cropped wp-block-gallery-3 is-layout-flex wp-block-gallery-is-layout-flex\">\n<figure class=\"wp-block-image size-large\"><img loading=\"lazy\" decoding=\"async\" width=\"755\" height=\"783\" data-id=\"360\" src=\"https:\/\/pianofestival.bilkent.edu.tr\/wp-content\/uploads\/2022\/02\/IMG_0082-1.jpg\" alt=\"\" class=\"wp-image-360\" srcset=\"https:\/\/pianofestival.bilkent.edu.tr\/wp-content\/uploads\/2022\/02\/IMG_0082-1.jpg 755w, https:\/\/pianofestival.bilkent.edu.tr\/wp-content\/uploads\/2022\/02\/IMG_0082-1-289x300.jpg 289w\" sizes=\"auto, (max-width: 755px) 100vw, 755px\" \/><\/figure>\n\n\n\n<figure class=\"wp-block-image size-large\"><img loading=\"lazy\" decoding=\"async\" width=\"1024\" height=\"576\" data-id=\"361\" src=\"https:\/\/pianofestival.bilkent.edu.tr\/wp-content\/uploads\/2022\/02\/IMG_0099-1-1024x576.jpg\" alt=\"\" class=\"wp-image-361\" srcset=\"https:\/\/pianofestival.bilkent.edu.tr\/wp-content\/uploads\/2022\/02\/IMG_0099-1-1024x576.jpg 1024w, https:\/\/pianofestival.bilkent.edu.tr\/wp-content\/uploads\/2022\/02\/IMG_0099-1-300x169.jpg 300w, https:\/\/pianofestival.bilkent.edu.tr\/wp-content\/uploads\/2022\/02\/IMG_0099-1-768x432.jpg 768w, https:\/\/pianofestival.bilkent.edu.tr\/wp-content\/uploads\/2022\/02\/IMG_0099-1-1536x864.jpg 1536w, https:\/\/pianofestival.bilkent.edu.tr\/wp-content\/uploads\/2022\/02\/IMG_0099-1-2048x1152.jpg 2048w\" sizes=\"auto, (max-width: 1024px) 100vw, 1024px\" \/><\/figure>\n<\/figure>\n\n\n\n<p style=\"font-size:18px\">Participants are welcome to take advantage of modern facilities in two gymnasiums on the campus.<\/p>\n\n\n\n<p class=\"has-medium-font-size\"><strong>LIBRARY<\/strong><\/p>\n\n\n\n<figure class=\"wp-block-gallery has-nested-images columns-default is-cropped wp-block-gallery-4 is-layout-flex wp-block-gallery-is-layout-flex\">\n<figure class=\"wp-block-image size-full\"><img loading=\"lazy\" decoding=\"async\" width=\"960\" height=\"640\" data-id=\"363\" src=\"http:\/\/pianofestival.bilkent.edu.tr\/wp-content\/uploads\/2022\/02\/IMG_0104-1.jpg\" alt=\"\" class=\"wp-image-363\" srcset=\"https:\/\/pianofestival.bilkent.edu.tr\/wp-content\/uploads\/2022\/02\/IMG_0104-1.jpg 960w, https:\/\/pianofestival.bilkent.edu.tr\/wp-content\/uploads\/2022\/02\/IMG_0104-1-300x200.jpg 300w, https:\/\/pianofestival.bilkent.edu.tr\/wp-content\/uploads\/2022\/02\/IMG_0104-1-768x512.jpg 768w\" sizes=\"auto, (max-width: 960px) 100vw, 960px\" \/><\/figure>\n\n\n\n<figure class=\"wp-block-image size-large\"><img loading=\"lazy\" decoding=\"async\" width=\"1024\" height=\"1024\" data-id=\"362\" src=\"http:\/\/pianofestival.bilkent.edu.tr\/wp-content\/uploads\/2022\/02\/IMG_0080-1-1024x1024.jpg\" alt=\"\" class=\"wp-image-362\" srcset=\"https:\/\/pianofestival.bilkent.edu.tr\/wp-content\/uploads\/2022\/02\/IMG_0080-1-1024x1024.jpg 1024w, https:\/\/pianofestival.bilkent.edu.tr\/wp-content\/uploads\/2022\/02\/IMG_0080-1-300x300.jpg 300w, https:\/\/pianofestival.bilkent.edu.tr\/wp-content\/uploads\/2022\/02\/IMG_0080-1-150x150.jpg 150w, https:\/\/pianofestival.bilkent.edu.tr\/wp-content\/uploads\/2022\/02\/IMG_0080-1-768x768.jpg 768w, https:\/\/pianofestival.bilkent.edu.tr\/wp-content\/uploads\/2022\/02\/IMG_0080-1.jpg 1200w\" sizes=\"auto, (max-width: 1024px) 100vw, 1024px\" \/><\/figure>\n<\/figure>\n\n\n\n<p style=\"font-size:18px\">Participants will have full access to the campus library and its collections.<\/p>\n\n\n\n<p class=\"has-medium-font-size\"><strong>TRANSPORTATION<\/strong><\/p>\n\n\n\n<p style=\"font-size:18px\">Transportation to the campus is carried out by private shuttle vehicles departing from Bilkent University and the city center at certain times. These transportation opportunities provided by the university are free of charge for students.<\/p>\n\n\n\n<p style=\"font-size:18px\">&nbsp;<strong>Student Bus Schedules:<\/strong><\/p>\n\n\n\n<p style=\"font-size:18px\">Main Campus<\/p>\n\n\n\n<p style=\"font-size:18px\"><strong>Student Bus Plans:<\/strong><\/p>\n\n\n\n<p style=\"font-size:18px\">Tunus Stop<\/p>\n\n\n\n<p style=\"font-size:18px\">S\u0131hhiye Stop<\/p>\n\n\n\n<p style=\"font-size:18px\"><a href=\"https:\/\/w3.bilkent.edu.tr\/www\/kampuste-yasam\/ulasim\/\">https:\/\/w3.bilkent.edu.tr\/www\/kampuste-yasam\/ulasim\/<\/a><\/p>\n\n\n\n<ul class=\"wp-block-list\" style=\"font-size:18px\"><li>EGO Ring service routes will be as follows:<ul><li>Ring number 175 will stop at Bilkent Main campus EGO bus stops.<\/li><li>Ring number 176 will stop at Bilkent Main campus EGO bus stops.<\/li><li>Ring number 111 follows the route on \u0130hsan Do\u011framac\u0131 Boulevard. Students \/ academic \/ administrative personnel and support staff on East Campus can use this Ring.<\/li><\/ul><\/li><\/ul>\n\n\n\n<p style=\"font-size:18px\">Municipal Bus Line 175 will be passing through Bilkent University Campus.<\/p>\n\n\n\n<p style=\"font-size:18px\">For Detailed Information:<\/p>\n\n\n\n<p style=\"font-size:18px\"><a href=\"https:\/\/w3.bilkent.edu.tr\/www\/kampusun-konumu-ve-haritalar\/\">https:\/\/w3.bilkent.edu.tr\/www\/kampusun-konumu-ve-haritalar\/<\/a><\/p>\n\n\n\n<p style=\"font-size:18px\"><\/p>\n\n\n\n<p style=\"font-size:18px\"><\/p>\n\n\n\n<p style=\"font-size:18px\"><\/p>\n\n\n\n<p style=\"font-size:18px\"><strong>Accomodation + Tuition + Meals for International Participants:<\/strong><\/p>\n\n\n\n<p style=\"font-size:18px\">750 \u20ac<\/p>\n\n\n\n<p style=\"font-size:18px\"><strong>Accomodation for Domestic Participants:<\/strong><\/p>\n\n\n\n<figure class=\"wp-block-table is-style-stripes\" style=\"font-size:18px\"><table class=\"has-fixed-layout\"><tbody><tr><td>Single Room<\/td><td>Double Room<\/td><td>Double Room \/ with Bathroom<\/td><\/tr><tr><td>Dorms 90-91<br>(Shared bathroom and toilet )<\/td><td> Dorms 90-91<br>(Shared bathroom and toilet )<\/td><td>Dorms 69-70<\/td><\/tr><tr><td>Daily Rates<br>108 \u20ba<\/td><td>Daily Rates, Per Person<br>70 \u20ba <\/td><td>Daily Rates, Per Person<br>112 \u20ba <\/td><\/tr><\/tbody><\/table><\/figure>\n\n\n\n<p style=\"font-size:18px\"><\/p>\n\n\n\n<ul class=\"wp-block-list\" style=\"font-size:18px\"><li>As of April 1, 2022, the menu prices to be applied at the University Table d\u2019hote Cafeterias for non Bilkent members are as follows (if any of the menus is requested to be purchased as takeaway, there will be an additional 7,50.-TL charge as well):<\/li><\/ul>\n\n\n\n<p style=\"font-size:18px\"><strong>Meals for Domestic Participants:<\/strong><\/p>\n\n\n\n<p style=\"font-size:18px\"><strong>( <\/strong>As of January, 17, 2022 <strong>)<\/strong><\/p>\n\n\n\n<figure class=\"wp-block-table is-style-stripes\"><table><tbody><tr><td><\/td><td>Breakfast<\/td><td>Lunch<\/td><td>Dinner<\/td><td>Alternative <br>Menu<\/td><td>Daily Total (Breakfast &#8211; Lunch &#8211; Dinner)<\/td><\/tr><tr><td>Daily Indoor Dining<\/td><td>26,50 \u20ba <\/td><td>40,50 \u20ba<\/td><td>40,50 \u20ba <\/td><td>53,00 \u20ba <\/td><td>107,50 \u20ba <\/td><\/tr><tr><td>Indoor dining for 8 Days<\/td><td>8 days: 860 \u20ba <\/td><td><\/td><td><\/td><td><\/td><td><\/td><\/tr><\/tbody><\/table><\/figure>\n\n\n\n<p style=\"font-size:18px\"><\/p>\n","protected":false},"excerpt":{"rendered":"<p>DORMITORIES All accommodations are conveniently located on the Bilkent Campus, within walking distance of the Music Building. To ensure the most convenient and comfortable dorm [&hellip;]<\/p>\n","protected":false},"author":1,"featured_media":0,"parent":0,"menu_order":3,"comment_status":"closed","ping_status":"closed","template":"","meta":{"footnotes":""},"class_list":["post-87","page","type-page","status-publish","hentry"],"_links":{"self":[{"href":"https:\/\/pianofestival.bilkent.edu.tr\/index.php\/wp-json\/wp\/v2\/pages\/87","targetHints":{"allow":["GET"]}}],"collection":[{"href":"https:\/\/pianofestival.bilkent.edu.tr\/index.php\/wp-json\/wp\/v2\/pages"}],"about":[{"href":"https:\/\/pianofestival.bilkent.edu.tr\/index.php\/wp-json\/wp\/v2\/types\/page"}],"author":[{"embeddable":true,"href":"https:\/\/pianofestival.bilkent.edu.tr\/index.php\/wp-json\/wp\/v2\/users\/1"}],"replies":[{"embeddable":true,"href":"https:\/\/pianofestival.bilkent.edu.tr\/index.php\/wp-json\/wp\/v2\/comments?post=87"}],"version-history":[{"count":14,"href":"https:\/\/pianofestival.bilkent.edu.tr\/index.php\/wp-json\/wp\/v2\/pages\/87\/revisions"}],"predecessor-version":[{"id":545,"href":"https:\/\/pianofestival.bilkent.edu.tr\/index.php\/wp-json\/wp\/v2\/pages\/87\/revisions\/545"}],"wp:attachment":[{"href":"https:\/\/pianofestival.bilkent.edu.tr\/index.php\/wp-json\/wp\/v2\/media?parent=87"}],"curies":[{"name":"wp","href":"https:\/\/api.w.org\/{rel}","templated":true}]}}